{"id":1152,"date":"2013-06-02T13:21:51","date_gmt":"2013-06-02T11:21:51","guid":{"rendered":"https:\/\/2013.transylvania.wordcamp.org\/?page_id=1152"},"modified":"2013-06-03T18:36:05","modified_gmt":"2013-06-03T16:36:05","slug":"prezentari","status":"publish","type":"page","link":"https:\/\/transylvania.wordcamp.org\/2013\/prezentari\/","title":{"rendered":"Prezent\u0103ri"},"content":{"rendered":"<p>&nbsp;<\/p>\n<ul>\n<li><a href=\"https:\/\/2013.transylvania.wordcamp.org\/files\/2013\/06\/NNP_Project.pdf\">The NNP Project<\/a> &#8211; Cosmin Bocse<\/li>\n<li><a href=\"https:\/\/2013.transylvania.wordcamp.org\/files\/2013\/06\/Decisions-not-options.pdf\">Decisions, not options<\/a> &#8211; Ryan Hellyer<\/li>\n<li><a href=\"https:\/\/2013.transylvania.wordcamp.org\/files\/2013\/06\/How-We-Built-BuddyPress-Over-The-Internet.pdf\">How We Built BuddyPress Over The Internet<\/a> &#8211; Paul Gibbs<\/li>\n<li><a href=\"https:\/\/speakerdeck.com\/defries\/how-to-build-a-better-wordpress-community\">How To Build A Better WordPress Community<\/a> &#8211; Remkus De Vries<\/li>\n<li><a href=\"https:\/\/2013.transylvania.wordcamp.org\/files\/2013\/06\/Toplytics.pdf\">Site Metrics Under High Traffic<\/a> &#8211; Marius Olar<\/li>\n<li><a href=\"https:\/\/2013.transylvania.wordcamp.org\/files\/2013\/06\/SPA.pdf\">Single Page Applications cu WordPress<\/a> &#8211; Sergiu Paraschiv<\/li>\n<li><a href=\"http:\/\/alexlakatos.github.io\/slides\/wordcamp-transylvania\/\">Mozilla Romania Community And WordPress<\/a> &#8211;\u00a0Alexandru Lakatos \u0219i \u0218tefania Ioana Chiorean<\/li>\n<li><a href=\"https:\/\/2013.transylvania.wordcamp.org\/files\/2013\/06\/traduceri-wordpress.pdf\">Traducere \u00een WordPress (\u00een rom\u00e2n\u0103)<\/a> &#8211; Dan \u0218tefancu<\/li>\n<li><a href=\"http:\/\/www.slideshare.net\/sareiodata\/wp-mail\">wpMail.me<\/a> &#8211; Cristian Antohe<\/li>\n<li><a href=\"https:\/\/2013.transylvania.wordcamp.org\/files\/2013\/06\/Entering-the-WordPress-Economy.pdf\">Entering the WordPress Economy<\/a> &#8211; Octavian Naicu<\/li>\n<\/ul>\n<p>Vom mai completa lista \u00een zilele urm\u0103toare.<\/p>\n","protected":false},"excerpt":{"rendered":"<p>&nbsp; The NNP Project &#8211; Cosmin Bocse Decisions, not options &#8211; Ryan Hellyer How We Built BuddyPress Over The Internet &#8211; Paul Gibbs How To Build A Better WordPress Community &#8211; Remkus De Vries Site Metrics Under High Traffic &#8211; &hellip; <a href=\"https:\/\/transylvania.wordcamp.org\/2013\/prezentari\/\">Continue reading <span class=\"screen-reader-text\">Prezent\u0103ri<\/span>  <span class=\"meta-nav\">&rarr;<\/span><\/a><\/p>\n","protected":false},"author":180901,"featured_media":0,"parent":0,"menu_order":0,"comment_status":"open","ping_status":"closed","template":"","meta":{"jetpack_post_was_ever_published":false,"footnotes":""},"class_list":["post-1152","page","type-page","status-publish","hentry"],"jetpack_sharing_enabled":true,"jetpack_shortlink":"https:\/\/wp.me\/P2W78o-iA","_links":{"self":[{"href":"https:\/\/transylvania.wordcamp.org\/2013\/wp-json\/wp\/v2\/pages\/1152","targetHints":{"allow":["GET"]}}],"collection":[{"href":"https:\/\/transylvania.wordcamp.org\/2013\/wp-json\/wp\/v2\/pages"}],"about":[{"href":"https:\/\/transylvania.wordcamp.org\/2013\/wp-json\/wp\/v2\/types\/page"}],"author":[{"embeddable":true,"href":"https:\/\/transylvania.wordcamp.org\/2013\/wp-json\/wp\/v2\/users\/180901"}],"replies":[{"embeddable":true,"href":"https:\/\/transylvania.wordcamp.org\/2013\/wp-json\/wp\/v2\/comments?post=1152"}],"version-history":[{"count":15,"href":"https:\/\/transylvania.wordcamp.org\/2013\/wp-json\/wp\/v2\/pages\/1152\/revisions"}],"predecessor-version":[{"id":1179,"href":"https:\/\/transylvania.wordcamp.org\/2013\/wp-json\/wp\/v2\/pages\/1152\/revisions\/1179"}],"wp:attachment":[{"href":"https:\/\/transylvania.wordcamp.org\/2013\/wp-json\/wp\/v2\/media?parent=1152"}],"curies":[{"name":"wp","href":"https:\/\/api.w.org\/{rel}","templated":true}]}}