{"id":227,"date":"2013-03-16T05:43:40","date_gmt":"2013-03-16T03:43:40","guid":{"rendered":"https:\/\/2013.transylvania.wordcamp.org\/?page_id=227"},"modified":"2013-03-24T19:01:17","modified_gmt":"2013-03-24T17:01:17","slug":"banners","status":"publish","type":"page","link":"https:\/\/transylvania.wordcamp.org\/2013\/banners\/","title":{"rendered":"Banners"},"content":{"rendered":"<p>Ajut\u0103-ne la promovarea evenimentului pun\u00e2nd unul din aceste bannere pe site-ul t\u0103u. Mul\u021bumim!<\/p>\n<h3>Participant<\/h3>\n<p><textarea readonly class=\"snippet\">&lt;a href=&#8221;https:\/\/2013.transylvania.wordcamp.org\/&#8221;&gt;&lt;img alt=&#8221;WordCamp Transylvania 2013&#8243; src=&#8221;https:\/\/2013.transylvania.wordcamp.org\/files\/2013\/03\/banners-150&#215;300-light-ro-participant2.png&#8221; width=&#8221;150&#8243; height=&#8221;300&#8243; \/&gt;&lt;\/a&gt;<\/textarea><\/p>\n<p><a href=\"https:\/\/2013.transylvania.wordcamp.org\/files\/2013\/03\/banners-150x300-light-ro-participant2.png\"><img loading=\"lazy\" decoding=\"async\" class=\"alignnone size-full wp-image-235\" alt=\"banners-150x300-light-ro-participant2\" src=\"https:\/\/2013.transylvania.wordcamp.org\/files\/2013\/03\/banners-150x300-light-ro-participant2.png\" width=\"150\" height=\"300\" \/><\/a><\/p>\n<p><textarea readonly class=\"snippet\">&lt;a href=&#8221;https:\/\/2013.transylvania.wordcamp.org\/&#8221;&gt;&lt;img alt=&#8221;WordCamp Transylvania 2013&#8243; src=&#8221;https:\/\/2013.transylvania.wordcamp.org\/files\/2013\/03\/banners-150&#215;300-dark-ro-participant2.png&#8221; width=&#8221;150&#8243; height=&#8221;300&#8243; \/&gt;&lt;\/a&gt;<\/textarea><\/p>\n<p><a href=\"https:\/\/2013.transylvania.wordcamp.org\/files\/2013\/03\/banners-150x300-dark-ro-participant2.png\"><img loading=\"lazy\" decoding=\"async\" class=\"alignnone size-full wp-image-230\" alt=\"banners-150x300-dark-ro-participant2\" src=\"https:\/\/2013.transylvania.wordcamp.org\/files\/2013\/03\/banners-150x300-dark-ro-participant2.png\" width=\"150\" height=\"300\" \/><\/a><\/p>\n<p><textarea readonly class=\"snippet\">&lt;a href=&#8221;https:\/\/2013.transylvania.wordcamp.org\/&#8221;&gt;&lt;img alt=&#8221;WordCamp Transylvania 2013&#8243; src=&#8221;https:\/\/2013.transylvania.wordcamp.org\/files\/2013\/03\/banners-150&#215;300-light-ro-participant.png&#8221; width=&#8221;150&#8243; height=&#8221;300&#8243; \/&gt;&lt;\/a&gt;<\/textarea><\/p>\n<p><a href=\"https:\/\/2013.transylvania.wordcamp.org\/files\/2013\/03\/banners-150x300-light-ro-participant.png\"><img loading=\"lazy\" decoding=\"async\" class=\"alignnone size-full wp-image-234\" alt=\"banners-150x300-light-ro-participant\" src=\"https:\/\/2013.transylvania.wordcamp.org\/files\/2013\/03\/banners-150x300-light-ro-participant.png\" width=\"150\" height=\"300\" \/><\/a><\/p>\n<p><textarea readonly class=\"snippet\">&lt;a href=&#8221;https:\/\/2013.transylvania.wordcamp.org\/&#8221;&gt;&lt;img alt=&#8221;WordCamp Transylvania 2013&#8243; src=&#8221;https:\/\/2013.transylvania.wordcamp.org\/files\/2013\/03\/banners-150&#215;300-dark-ro-participant.png&#8221; width=&#8221;150&#8243; height=&#8221;300&#8243; \/&gt;&lt;\/a&gt;<\/textarea><\/p>\n<p><a href=\"https:\/\/2013.transylvania.wordcamp.org\/files\/2013\/03\/banners-150x300-dark-ro-participant.png\"><img loading=\"lazy\" decoding=\"async\" class=\"alignnone size-full wp-image-229\" alt=\"banners-150x300-dark-ro-participant\" src=\"https:\/\/2013.transylvania.wordcamp.org\/files\/2013\/03\/banners-150x300-dark-ro-participant.png\" width=\"150\" height=\"300\" \/><\/a><\/p>\n<h3>Vorbitor<\/h3>\n<p><textarea readonly class=\"snippet\">&lt;a href=&#8221;https:\/\/2013.transylvania.wordcamp.org\/&#8221;&gt;&lt;img alt=&#8221;WordCamp Transylvania 2013&#8243; src=&#8221;https:\/\/2013.transylvania.wordcamp.org\/files\/2013\/03\/banners-150&#215;300-light-ro-speaker.png&#8221; width=&#8221;150&#8243; height=&#8221;300&#8243; \/&gt;&lt;\/a&gt;<\/textarea><\/p>\n<p><a href=\"https:\/\/2013.transylvania.wordcamp.org\/files\/2013\/03\/banners-150x300-light-ro-speaker.png\"><img loading=\"lazy\" decoding=\"async\" class=\"alignnone size-full wp-image-236\" alt=\"banners-150x300-light-ro-speaker\" src=\"https:\/\/2013.transylvania.wordcamp.org\/files\/2013\/03\/banners-150x300-light-ro-speaker.png\" width=\"150\" height=\"300\" \/><\/a><\/p>\n<p><textarea readonly class=\"snippet\">&lt;a href=&#8221;https:\/\/2013.transylvania.wordcamp.org\/&#8221;&gt;&lt;img alt=&#8221;WordCamp Transylvania 2013&#8243; src=&#8221;https:\/\/2013.transylvania.wordcamp.org\/files\/2013\/03\/banners-150&#215;300-dark-ro-speaker.png&#8221; width=&#8221;150&#8243; height=&#8221;300&#8243; \/&gt;&lt;\/a&gt;<\/textarea><\/p>\n<p><a href=\"https:\/\/2013.transylvania.wordcamp.org\/files\/2013\/03\/banners-150x300-dark-ro-speaker.png\"><img loading=\"lazy\" decoding=\"async\" class=\"alignnone size-full wp-image-231\" alt=\"banners-150x300-dark-ro-speaker\" src=\"https:\/\/2013.transylvania.wordcamp.org\/files\/2013\/03\/banners-150x300-dark-ro-speaker.png\" width=\"150\" height=\"300\" \/><\/a><\/p>\n<h3>Partener \/ sponsor<\/h3>\n<p><textarea readonly class=\"snippet\">&lt;a href=&#8221;https:\/\/2013.transylvania.wordcamp.org\/&#8221;&gt;&lt;img alt=&#8221;WordCamp Transylvania 2013&#8243; src=&#8221;https:\/\/2013.transylvania.wordcamp.org\/files\/2013\/03\/banners-150&#215;300-light-ro-sustin.png&#8221; width=&#8221;150&#8243; height=&#8221;300&#8243; \/&gt;&lt;\/a&gt;<\/textarea><\/p>\n<p><a href=\"https:\/\/2013.transylvania.wordcamp.org\/files\/2013\/03\/banners-150x300-light-ro-sustin.png\"><img loading=\"lazy\" decoding=\"async\" class=\"alignnone size-full wp-image-237\" alt=\"banners-150x300-light-ro-sustin\" src=\"https:\/\/2013.transylvania.wordcamp.org\/files\/2013\/03\/banners-150x300-light-ro-sustin.png\" width=\"150\" height=\"300\" \/><\/a><\/p>\n<p><textarea readonly class=\"snippet\">&lt;a href=&#8221;https:\/\/2013.transylvania.wordcamp.org\/&#8221;&gt;&lt;img alt=&#8221;WordCamp Transylvania 2013&#8243; src=&#8221;https:\/\/2013.transylvania.wordcamp.org\/files\/2013\/03\/banners-150&#215;300-dark-ro-sustin.png&#8221; width=&#8221;150&#8243; height=&#8221;300&#8243; \/&gt;&lt;\/a&gt;<\/textarea><\/p>\n<p><a href=\"https:\/\/2013.transylvania.wordcamp.org\/files\/2013\/03\/banners-150x300-dark-ro-sustin.png\"><img loading=\"lazy\" decoding=\"async\" class=\"alignnone size-full wp-image-232\" alt=\"banners-150x300-dark-ro-sustin\" src=\"https:\/\/2013.transylvania.wordcamp.org\/files\/2013\/03\/banners-150x300-dark-ro-sustin.png\" width=\"150\" height=\"300\" \/><\/a><\/p>\n<h3>Promovare<\/h3>\n<p><textarea readonly class=\"snippet\">&lt;a href=&#8221;https:\/\/2013.transylvania.wordcamp.org\/&#8221;&gt;&lt;img alt=&#8221;WordCamp Transylvania 2013&#8243; src=&#8221;https:\/\/2013.transylvania.wordcamp.org\/files\/2013\/03\/banners-150&#215;300-light-ro-generic.png&#8221; width=&#8221;150&#8243; height=&#8221;300&#8243; \/&gt;&lt;\/a&gt;<\/textarea><\/p>\n<p><a href=\"https:\/\/2013.transylvania.wordcamp.org\/files\/2013\/03\/banners-150x300-light-ro-generic.png\"><img loading=\"lazy\" decoding=\"async\" class=\"alignnone size-full wp-image-233\" alt=\"banners-150x300-light-ro-generic\" src=\"https:\/\/2013.transylvania.wordcamp.org\/files\/2013\/03\/banners-150x300-light-ro-generic.png\" width=\"150\" height=\"300\" \/><\/a><\/p>\n<p><textarea readonly class=\"snippet\">&lt;a href=&#8221;https:\/\/2013.transylvania.wordcamp.org\/&#8221;&gt;&lt;img alt=&#8221;WordCamp Transylvania 2013&#8243; src=&#8221;https:\/\/2013.transylvania.wordcamp.org\/files\/2013\/03\/banners-150&#215;300-dark-ro-generic.png&#8221; width=&#8221;150&#8243; height=&#8221;300&#8243; \/&gt;&lt;\/a&gt;<\/textarea><\/p>\n<p><a href=\"https:\/\/2013.transylvania.wordcamp.org\/files\/2013\/03\/banners-150x300-dark-ro-generic.png\"><img loading=\"lazy\" decoding=\"async\" class=\"alignnone size-full wp-image-228\" alt=\"banners-150x300-dark-ro-generic\" src=\"https:\/\/2013.transylvania.wordcamp.org\/files\/2013\/03\/banners-150x300-dark-ro-generic.png\" width=\"150\" height=\"300\" \/><\/a><\/p>\n","protected":false},"excerpt":{"rendered":"<p>Ajut\u0103-ne la promovarea evenimentului pun\u00e2nd unul din aceste bannere pe site-ul t\u0103u. Mul\u021bumim! Participant &lt;a href=&#8221;https:\/\/2013.transylvania.wordcamp.org\/&#8221;&gt;&lt;img alt=&#8221;WordCamp Transylvania 2013&#8243; src=&#8221;https:\/\/2013.transylvania.wordcamp.org\/files\/2013\/03\/banners-150&#215;300-light-ro-participant2.png&#8221; width=&#8221;150&#8243; height=&#8221;300&#8243; \/&gt;&lt;\/a&gt; &lt;a href=&#8221;https:\/\/2013.transylvania.wordcamp.org\/&#8221;&gt;&lt;img alt=&#8221;WordCamp Transylvania 2013&#8243; src=&#8221;https:\/\/2013.transylvania.wordcamp.org\/files\/2013\/03\/banners-150&#215;300-dark-ro-participant2.png&#8221; width=&#8221;150&#8243; height=&#8221;300&#8243; \/&gt;&lt;\/a&gt; &lt;a href=&#8221;https:\/\/2013.transylvania.wordcamp.org\/&#8221;&gt;&lt;img alt=&#8221;WordCamp Transylvania 2013&#8243; src=&#8221;https:\/\/2013.transylvania.wordcamp.org\/files\/2013\/03\/banners-150&#215;300-light-ro-participant.png&#8221; width=&#8221;150&#8243; height=&#8221;300&#8243; &hellip; <a href=\"https:\/\/transylvania.wordcamp.org\/2013\/banners\/\">Continue reading <span class=\"screen-reader-text\">Banners<\/span>  <span class=\"meta-nav\">&rarr;<\/span><\/a><\/p>\n","protected":false},"author":180901,"featured_media":0,"parent":0,"menu_order":0,"comment_status":"closed","ping_status":"closed","template":"","meta":{"_crdt_document":"","jetpack_post_was_ever_published":false,"footnotes":""},"class_list":["post-227","page","type-page","status-publish","hentry"],"jetpack_sharing_enabled":true,"jetpack_shortlink":"https:\/\/wp.me\/P2W78o-3F","_links":{"self":[{"href":"https:\/\/transylvania.wordcamp.org\/2013\/wp-json\/wp\/v2\/pages\/227","targetHints":{"allow":["GET"]}}],"collection":[{"href":"https:\/\/transylvania.wordcamp.org\/2013\/wp-json\/wp\/v2\/pages"}],"about":[{"href":"https:\/\/transylvania.wordcamp.org\/2013\/wp-json\/wp\/v2\/types\/page"}],"author":[{"embeddable":true,"href":"https:\/\/transylvania.wordcamp.org\/2013\/wp-json\/wp\/v2\/users\/180901"}],"replies":[{"embeddable":true,"href":"https:\/\/transylvania.wordcamp.org\/2013\/wp-json\/wp\/v2\/comments?post=227"}],"version-history":[{"count":27,"href":"https:\/\/transylvania.wordcamp.org\/2013\/wp-json\/wp\/v2\/pages\/227\/revisions"}],"predecessor-version":[{"id":248,"href":"https:\/\/transylvania.wordcamp.org\/2013\/wp-json\/wp\/v2\/pages\/227\/revisions\/248"}],"wp:attachment":[{"href":"https:\/\/transylvania.wordcamp.org\/2013\/wp-json\/wp\/v2\/media?parent=227"}],"curies":[{"name":"wp","href":"https:\/\/api.w.org\/{rel}","templated":true}]}}