{"id":40,"date":"2013-03-01T16:18:23","date_gmt":"2013-03-01T16:18:23","guid":{"rendered":"https:\/\/2013.transylvania.wordcamp.org\/?page_id=40"},"modified":"2013-05-24T18:04:24","modified_gmt":"2013-05-24T16:04:24","slug":"program","status":"publish","type":"page","link":"https:\/\/transylvania.wordcamp.org\/2013\/program\/","title":{"rendered":"Program"},"content":{"rendered":"<p><strong>S\u00e2mb\u0103t\u0103, 1 iunie \u2013 WordCamp Conference Day<\/strong><\/p>\n<p>Prima zi a conferin\u021bei se va desf\u0103\u0219ura \u00een sala <strong>P03<\/strong>, pus\u0103 la dispozi\u021bie de Universitatea Tehnic\u0103 din<br \/>\nCluj. \u00centreaga zi va fi marcat\u0103 de prezent\u0103ri sus\u021binute de invita\u021bii speciali.<\/p>\n<table class=\"wcpt-schedule\" border=\"0\"><thead><tr><th class=\"wcpt-col-time\">Time<\/th><th class=\"wcpt-col-track\"> <span class=\"wcpt-track-name\">Conferin\u021b\u0103<\/span> <span class=\"wcpt-track-description\"><\/span> <\/th><\/tr><\/thead><tbody><tr class=\"wcpt-time-930am global-session primirea-participanilor\"><td class=\"wcpt-time\">9:30&nbsp;am<\/td><td colspan=\"1\" class=\"wcb-track-conference wcpt-session-type-custom wcb-session-primirea-participantilor\" data-track-title=\"Conferin\u021b\u0103\" data-session-id=\"939\"><div class=\"wcb-session-cell-content\"><span class=\"wcpt-session-title\">Primirea participan\u021bilor<\/span><\/div><\/td><\/tr><tr class=\"wcpt-time-1000am global-session deschidere\"><td class=\"wcpt-time\">10:00&nbsp;am<\/td><td colspan=\"1\" class=\"wcb-track-conference wcpt-session-type-custom wcb-session-keynote\" data-track-title=\"Conferin\u021b\u0103\" data-session-id=\"926\"><div class=\"wcb-session-cell-content\"><span class=\"wcpt-session-title\">Deschidere<\/span><\/div><\/td><\/tr><tr class=\"wcpt-time-1030am global-session comunitatea-wordpress\"><td class=\"wcpt-time\">10:30&nbsp;am<\/td><td colspan=\"1\" class=\"wcb-speaker-remkus-de-vries wcb-track-conference wcpt-session-type-session wcb-session-comunitatea-wordpress\" data-track-title=\"Conferin\u021b\u0103\" data-session-id=\"672\"><div class=\"wcb-session-cell-content\"><a class=\"wcpt-session-title\" href=\"https:\/\/transylvania.wordcamp.org\/2013\/session\/comunitatea-wordpress\/\">Comunitatea WordPress<\/a> <span class=\"wcpt-session-speakers\"><a href=\"https:\/\/transylvania.wordcamp.org\/2013\/invitati\/#wcorg-speaker-remkus-de-vries\">Remkus de Vries<\/a><\/span><\/div><div class=\"wcb-session-favourite-icon\"><a href=\"#\" role=\"button\" class=\"fav-session-button\" aria-pressed=\"false\"><span class=\"screen-reader-text\">Favorite session: Comunitatea WordPress<\/span><span class=\"dashicons dashicons-star-filled\"><\/span><\/a><\/div><\/td><\/tr><tr class=\"wcpt-time-1100am global-session comunitatea-mozilla-romnia-i-wordpress\"><td class=\"wcpt-time\">11:00&nbsp;am<\/td><td colspan=\"1\" class=\"wcb-speaker-stefania-ioana-chiorean wcb-speaker-alexandru-lakatos wcb-track-conference wcpt-session-type-session wcb-session-comunitatea-mozilla-romania-si-wordpress\" data-track-title=\"Conferin\u021b\u0103\" data-session-id=\"674\"><div class=\"wcb-session-cell-content\"><a class=\"wcpt-session-title\" href=\"https:\/\/transylvania.wordcamp.org\/2013\/session\/comunitatea-mozilla-romania-si-wordpress\/\">Comunitatea Mozilla Rom\u00e2nia \u0219i WordPress<\/a> <span class=\"wcpt-session-speakers\"><a href=\"https:\/\/transylvania.wordcamp.org\/2013\/invitati\/#wcorg-speaker-stefania-ioana-chiorean\">\u0218tefania Ioana Chiorean<\/a>, <a href=\"https:\/\/transylvania.wordcamp.org\/2013\/invitati\/#wcorg-speaker-alexandru-lakatos\">Alexandru Lakatos<\/a><\/span><\/div><div class=\"wcb-session-favourite-icon\"><a href=\"#\" role=\"button\" class=\"fav-session-button\" aria-pressed=\"false\"><span class=\"screen-reader-text\">Favorite session: Comunitatea Mozilla Rom\u00e2nia \u0219i WordPress<\/span><span class=\"dashicons dashicons-star-filled\"><\/span><\/a><\/div><\/td><\/tr><tr class=\"wcpt-time-1130am global-session how-buddypress-was-built-over-the-internet\"><td class=\"wcpt-time\">11:30&nbsp;am<\/td><td colspan=\"1\" class=\"wcb-speaker-paul-gibbs wcb-track-conference wcpt-session-type-session wcb-session-buddypress-remote-development\" data-track-title=\"Conferin\u021b\u0103\" data-session-id=\"665\"><div class=\"wcb-session-cell-content\"><a class=\"wcpt-session-title\" href=\"https:\/\/transylvania.wordcamp.org\/2013\/session\/buddypress-remote-development\/\">How BuddyPress Was Built Over The Internet<\/a> <span class=\"wcpt-session-speakers\"><a href=\"https:\/\/transylvania.wordcamp.org\/2013\/invitati\/#wcorg-speaker-paul-gibbs\">Paul Gibbs<\/a><\/span><\/div><div class=\"wcb-session-favourite-icon\"><a href=\"#\" role=\"button\" class=\"fav-session-button\" aria-pressed=\"false\"><span class=\"screen-reader-text\">Favorite session: How BuddyPress Was Built Over The Internet<\/span><span class=\"dashicons dashicons-star-filled\"><\/span><\/a><\/div><\/td><\/tr><tr class=\"wcpt-time-1200pm global-session reeaua-veveveuri\"><td class=\"wcpt-time\">12:00&nbsp;pm<\/td><td colspan=\"1\" class=\"wcb-speaker-stefan-macedon-gheorghita wcb-track-conference wcpt-session-type-session wcb-session-reteaua-veveveuri\" data-track-title=\"Conferin\u021b\u0103\" data-session-id=\"667\"><div class=\"wcb-session-cell-content\"><a class=\"wcpt-session-title\" href=\"https:\/\/transylvania.wordcamp.org\/2013\/session\/reteaua-veveveuri\/\">Re\u021beaua VEVEVEuri<\/a> <span class=\"wcpt-session-speakers\"><a href=\"https:\/\/transylvania.wordcamp.org\/2013\/invitati\/#wcorg-speaker-stefan-macedon-gheorghita\">\u0218tefan Macedon Gheorghi\u021b\u0103<\/a><\/span><\/div><div class=\"wcb-session-favourite-icon\"><a href=\"#\" role=\"button\" class=\"fav-session-button\" aria-pressed=\"false\"><span class=\"screen-reader-text\">Favorite session: Re\u021beaua VEVEVEuri<\/span><span class=\"dashicons dashicons-star-filled\"><\/span><\/a><\/div><\/td><\/tr><tr class=\"wcpt-time-1230pm global-session wordpress-based-single-page-applications\"><td class=\"wcpt-time\">12:30&nbsp;pm<\/td><td colspan=\"1\" class=\"wcb-speaker-sergiu-paraschiv wcb-track-conference wcpt-session-type-session wcb-session-wordpress-based-single-page-applications\" data-track-title=\"Conferin\u021b\u0103\" data-session-id=\"457\"><div class=\"wcb-session-cell-content\"><a class=\"wcpt-session-title\" href=\"https:\/\/transylvania.wordcamp.org\/2013\/session\/wordpress-based-single-page-applications\/\">WordPress-based Single Page Applications<\/a> <span class=\"wcpt-session-speakers\"><a href=\"https:\/\/transylvania.wordcamp.org\/2013\/invitati\/#wcorg-speaker-sergiu-paraschiv\">Sergiu Paraschiv<\/a><\/span><\/div><div class=\"wcb-session-favourite-icon\"><a href=\"#\" role=\"button\" class=\"fav-session-button\" aria-pressed=\"false\"><span class=\"screen-reader-text\">Favorite session: WordPress-based Single Page Applications<\/span><span class=\"dashicons dashicons-star-filled\"><\/span><\/a><\/div><\/td><\/tr><tr class=\"wcpt-time-100pm global-session prnz\"><td class=\"wcpt-time\">1:00&nbsp;pm<\/td><td colspan=\"1\" class=\"wcb-track-conference wcpt-session-type-custom wcb-session-pranz\" data-track-title=\"Conferin\u021b\u0103\" data-session-id=\"952\"><div class=\"wcb-session-cell-content\"><span class=\"wcpt-session-title\">Pr\u00e2nz<\/span><\/div><\/td><\/tr><tr class=\"wcpt-time-200pm global-session wpmail-me\"><td class=\"wcpt-time\">2:00&nbsp;pm<\/td><td colspan=\"1\" class=\"wcb-speaker-cristian-antohe wcb-track-conference wcpt-session-type-session wcb-session-wpmail-me\" data-track-title=\"Conferin\u021b\u0103\" data-session-id=\"669\"><div class=\"wcb-session-cell-content\"><a class=\"wcpt-session-title\" href=\"https:\/\/transylvania.wordcamp.org\/2013\/session\/wpmail-me\/\">wpMail.me<\/a> <span class=\"wcpt-session-speakers\"><a href=\"https:\/\/transylvania.wordcamp.org\/2013\/invitati\/#wcorg-speaker-cristian-antohe\">Cristian Antohe<\/a><\/span><\/div><div class=\"wcb-session-favourite-icon\"><a href=\"#\" role=\"button\" class=\"fav-session-button\" aria-pressed=\"false\"><span class=\"screen-reader-text\">Favorite session: wpMail.me<\/span><span class=\"dashicons dashicons-star-filled\"><\/span><\/a><\/div><\/td><\/tr><tr class=\"wcpt-time-230pm global-session business-optimization\"><td class=\"wcpt-time\">2:30&nbsp;pm<\/td><td colspan=\"1\" class=\"wcb-speaker-496 wcb-track-conference wcpt-session-type-session wcb-session-tba\" data-track-title=\"Conferin\u021b\u0103\" data-session-id=\"671\"><div class=\"wcb-session-cell-content\"><a class=\"wcpt-session-title\" href=\"https:\/\/transylvania.wordcamp.org\/2013\/session\/tba\/\">Business Optimization<\/a> <span class=\"wcpt-session-speakers\"><a href=\"https:\/\/transylvania.wordcamp.org\/2013\/invitati\/#wcorg-speaker-496\">Frederick Townes<\/a><\/span><\/div><div class=\"wcb-session-favourite-icon\"><a href=\"#\" role=\"button\" class=\"fav-session-button\" aria-pressed=\"false\"><span class=\"screen-reader-text\">Favorite session: Business Optimization<\/span><span class=\"dashicons dashicons-star-filled\"><\/span><\/a><\/div><\/td><\/tr><tr class=\"wcpt-time-300pm global-session wordpress-n-limba-romn\"><td class=\"wcpt-time\">3:00&nbsp;pm<\/td><td colspan=\"1\" class=\"wcb-speaker-dan-stefancu wcb-track-conference wcpt-session-type-session wcb-session-wordpress-in-limba-romana\" data-track-title=\"Conferin\u021b\u0103\" data-session-id=\"962\"><div class=\"wcb-session-cell-content\"><a class=\"wcpt-session-title\" href=\"https:\/\/transylvania.wordcamp.org\/2013\/session\/wordpress-in-limba-romana\/\">WordPress \u00een limba rom\u00e2n\u0103<\/a> <span class=\"wcpt-session-speakers\"><a href=\"https:\/\/transylvania.wordcamp.org\/2013\/invitati\/#wcorg-speaker-dan-stefancu\">Dan \u0218tefancu<\/a><\/span><\/div><div class=\"wcb-session-favourite-icon\"><a href=\"#\" role=\"button\" class=\"fav-session-button\" aria-pressed=\"false\"><span class=\"screen-reader-text\">Favorite session: WordPress \u00een limba rom\u00e2n\u0103<\/span><span class=\"dashicons dashicons-star-filled\"><\/span><\/a><\/div><\/td><\/tr><tr class=\"wcpt-time-330pm global-session the-nnp-project\"><td class=\"wcpt-time\">3:30&nbsp;pm<\/td><td colspan=\"1\" class=\"wcb-speaker-cosmin-bocse wcb-track-conference wcpt-session-type-session wcb-session-the-nnp-project\" data-track-title=\"Conferin\u021b\u0103\" data-session-id=\"685\"><div class=\"wcb-session-cell-content\"><a class=\"wcpt-session-title\" href=\"https:\/\/transylvania.wordcamp.org\/2013\/session\/the-nnp-project\/\">The NNP Project<\/a> <span class=\"wcpt-session-speakers\"><a href=\"https:\/\/transylvania.wordcamp.org\/2013\/invitati\/#wcorg-speaker-cosmin-bocse\">Cosmin Bocse<\/a><\/span><\/div><div class=\"wcb-session-favourite-icon\"><a href=\"#\" role=\"button\" class=\"fav-session-button\" aria-pressed=\"false\"><span class=\"screen-reader-text\">Favorite session: The NNP Project<\/span><span class=\"dashicons dashicons-star-filled\"><\/span><\/a><\/div><\/td><\/tr><tr class=\"wcpt-time-400pm global-session pauz\"><td class=\"wcpt-time\">4:00&nbsp;pm<\/td><td colspan=\"1\" class=\"wcb-track-conference wcpt-session-type-custom wcb-session-pauza\" data-track-title=\"Conferin\u021b\u0103\" data-session-id=\"954\"><div class=\"wcb-session-cell-content\"><span class=\"wcpt-session-title\">Pauz\u0103<\/span><\/div><\/td><\/tr><tr class=\"wcpt-time-430pm global-session simple-is-better-than-complex\"><td class=\"wcpt-time\">4:30&nbsp;pm<\/td><td colspan=\"1\" class=\"wcb-speaker-ryan-hellyer wcb-track-conference wcpt-session-type-session wcb-session-simple-is-better-than-complex\" data-track-title=\"Conferin\u021b\u0103\" data-session-id=\"377\"><div class=\"wcb-session-cell-content\"><a class=\"wcpt-session-title\" href=\"https:\/\/transylvania.wordcamp.org\/2013\/session\/simple-is-better-than-complex\/\">Simple Is Better Than Complex<\/a> <span class=\"wcpt-session-speakers\"><a href=\"https:\/\/transylvania.wordcamp.org\/2013\/invitati\/#wcorg-speaker-ryan-hellyer\">Ryan Hellyer<\/a><\/span><\/div><div class=\"wcb-session-favourite-icon\"><a href=\"#\" role=\"button\" class=\"fav-session-button\" aria-pressed=\"false\"><span class=\"screen-reader-text\">Favorite session: Simple Is Better Than Complex<\/span><span class=\"dashicons dashicons-star-filled\"><\/span><\/a><\/div><\/td><\/tr><tr class=\"wcpt-time-500pm global-session site-metrics-under-high-traffic\"><td class=\"wcpt-time\">5:00&nbsp;pm<\/td><td colspan=\"1\" class=\"wcb-speaker-marius-olar wcb-track-conference wcpt-session-type-session wcb-session-site-metrics-under-high-traffic\" data-track-title=\"Conferin\u021b\u0103\" data-session-id=\"899\"><div class=\"wcb-session-cell-content\"><a class=\"wcpt-session-title\" href=\"https:\/\/transylvania.wordcamp.org\/2013\/session\/site-metrics-under-high-traffic\/\">Site Metrics under High Traffic<\/a> <span class=\"wcpt-session-speakers\"><a href=\"https:\/\/transylvania.wordcamp.org\/2013\/invitati\/#wcorg-speaker-marius-olar\">Marius Olar<\/a><\/span><\/div><div class=\"wcb-session-favourite-icon\"><a href=\"#\" role=\"button\" class=\"fav-session-button\" aria-pressed=\"false\"><span class=\"screen-reader-text\">Favorite session: Site Metrics under High Traffic<\/span><span class=\"dashicons dashicons-star-filled\"><\/span><\/a><\/div><\/td><\/tr><tr class=\"wcpt-time-530pm global-session how-we-grew-our-sales-by-entering-the-wordpress-ecosystem\"><td class=\"wcpt-time\">5:30&nbsp;pm<\/td><td colspan=\"1\" class=\"wcb-speaker-octavian-naicu wcb-track-conference wcpt-session-type-session wcb-session-how-we-grew-our-sales-by-entering-the-wordpress-ecosystem\" data-track-title=\"Conferin\u021b\u0103\" data-session-id=\"863\"><div class=\"wcb-session-cell-content\"><a class=\"wcpt-session-title\" href=\"https:\/\/transylvania.wordcamp.org\/2013\/session\/how-we-grew-our-sales-by-entering-the-wordpress-ecosystem\/\">How we grew our sales by entering the WordPress ecosystem<\/a> <span class=\"wcpt-session-speakers\"><a href=\"https:\/\/transylvania.wordcamp.org\/2013\/invitati\/#wcorg-speaker-octavian-naicu\">Octavian Naicu<\/a><\/span><\/div><div class=\"wcb-session-favourite-icon\"><a href=\"#\" role=\"button\" class=\"fav-session-button\" aria-pressed=\"false\"><span class=\"screen-reader-text\">Favorite session: How we grew our sales by entering the WordPress ecosystem<\/span><span class=\"dashicons dashicons-star-filled\"><\/span><\/a><\/div><\/td><\/tr><tr class=\"wcpt-time-600pm global-session nchidere\"><td class=\"wcpt-time\">6:00&nbsp;pm<\/td><td colspan=\"1\" class=\"wcb-track-conference wcpt-session-type-custom wcb-session-inchidere\" data-track-title=\"Conferin\u021b\u0103\" data-session-id=\"956\"><div class=\"wcb-session-cell-content\"><span class=\"wcpt-session-title\">\u00cenchidere<\/span><\/div><\/td><\/tr><\/tbody><\/table>\n\t<div class=\"email-form fav-session-email-form-hide\">\n\t\t<!-- Tab links -->\n\t\t<div class=\"fav-session-share-tab\">\n\t\t\t\t\t\t\t<div class=\"fav-session-tablinks\" id=\"fav-session-btn-email\">\n\t\t\t\t\tEmail\t\t\t\t<\/div>\n\t\t\t\n\t\t\t<div class=\"fav-session-tablinks\" id=\"fav-session-btn-link\">\n\t\t\t\tLink\t\t\t<\/div>\n\n\t\t\t<div class=\"fav-session-tablinks\" id=\"fav-session-btn-print\">\n\t\t\t\tPrint\t\t\t<\/div>\n\t\t<\/div>\n\n\t\t<!-- Tab content -->\n\t\t\t\t\t<div id=\"fav-session-tab-email\" class=\"fav-session-share-tabcontent\">\n\t\t\t\t<div id=\"fav-session-email-form\">\n\t\t\t\t\tSend me my favorite sessions:\n\t\t\t\t\t<form id=\"fav-sessions-form\">\n\t\t\t\t\t\t<input\n\t\t\t\t\t\t\ttype=\"text\"\n\t\t\t\t\t\t\tname=\"email_address\"\n\t\t\t\t\t\t\tid=\"fav-sessions-email-address\"\n\t\t\t\t\t\t\tplaceholder=\"me@protonmail.com\"\n\t\t\t\t\t\t\/>\n\t\t\t\t\t\t<input type=\"submit\" value=\"Send\" \/>\n\t\t\t\t\t<\/form>\n\t\t\t\t<\/div>\n\n\t\t\t\t<div class=\"fav-session-email-wait-spinner\"><\/div>\n\t\t\t\t<div class=\"fav-session-email-result\"><\/div>\n\t\t\t<\/div>\n\t\t\n\t\t<div id=\"fav-session-tab-link\" class=\"fav-session-share-tabcontent\">\n\t\t\tShareable link:\t\t\t<br \/>\n\t\t\t<a id=\"fav-sessions-link\" href=\"\"><\/a>\n\t\t<\/div>\n\n\t\t<div id=\"fav-session-tab-print\" class=\"fav-session-share-tabcontent\">\n\t\t\t<button id=\"fav-session-print\">\n\t\t\t\tPrint favorite sessions\t\t\t<\/button>\n\t\t<\/div>\n\t<\/div>\n\n\t<a class=\"show-email-form\" href=\"javascript:\">\n\t\t<span class=\"dashicons dashicons-star-filled\"><\/span>\n\t\t<span class=\"dashicons dashicons-email-alt\"><\/span>\n\t<\/a>\n\n\t\n<hr \/>\n<p><strong>Duminic\u0103, 2 iunie \u2013 WordCamp HackDay<\/strong><\/p>\n<p>A doua zi a conferin\u021bei are loc \u00een cadrul Cluj Cowork, primul spa\u021biu creativ din Cluj dedicat freelancerilor. Aici, \u00eentr-o atmosfer\u0103 relaxat\u0103, participan\u021bii pot propune subiecte de discu\u021bie, au oportunitatea de a discuta \u0219i face schimb de cuno\u0219tin\u021be cu speakerii sau cu programatori interesa\u021bi de acelea\u0219i subiecte, \u0219i &#8211; de ce nu &#8211; \u00ee\u0219i pot prezenta propriile idei &#8211; pentru a primi feedback constructiv.<\/p>\n<table class=\"wcpt-schedule\" border=\"0\"><thead><tr><th class=\"wcpt-col-time\">Time<\/th><th class=\"wcpt-col-track\"> <span class=\"wcpt-track-name\">HackDay<\/span> <span class=\"wcpt-track-description\"><\/span> <\/th><\/tr><\/thead><tbody><tr class=\"wcpt-time-1100am global-session hacking-session\"><td class=\"wcpt-time\">11:00&nbsp;am<\/td><td colspan=\"1\" class=\"wcb-track-hackday wcpt-session-type-session wcb-session-hacking-session\" data-track-title=\"HackDay\" data-session-id=\"966\"><div class=\"wcb-session-cell-content\"><a class=\"wcpt-session-title\" href=\"https:\/\/transylvania.wordcamp.org\/2013\/session\/hacking-session\/\">Hacking Session<\/a><\/div><div class=\"wcb-session-favourite-icon\"><a href=\"#\" role=\"button\" class=\"fav-session-button\" aria-pressed=\"false\"><span class=\"screen-reader-text\">Favorite session: Hacking Session<\/span><span class=\"dashicons dashicons-star-filled\"><\/span><\/a><\/div><\/td><\/tr><tr class=\"wcpt-time-100pm global-session pizza-drinks\"><td class=\"wcpt-time\">1:00&nbsp;pm<\/td><td colspan=\"1\" class=\"wcb-track-hackday wcpt-session-type-custom wcb-session-pizza-drinks\" data-track-title=\"HackDay\" data-session-id=\"974\"><div class=\"wcb-session-cell-content\"><span class=\"wcpt-session-title\">Pizza \/ Drinks<\/span><\/div><\/td><\/tr><tr class=\"wcpt-time-200pm global-session hacking-session-continued\"><td class=\"wcpt-time\">2:00&nbsp;pm<\/td><td colspan=\"1\" class=\"wcb-track-hackday wcpt-session-type-session wcb-session-hacking-session-continued\" data-track-title=\"HackDay\" data-session-id=\"976\"><div class=\"wcb-session-cell-content\"><a class=\"wcpt-session-title\" href=\"https:\/\/transylvania.wordcamp.org\/2013\/session\/hacking-session-continued\/\">Hacking Session Continued<\/a><\/div><div class=\"wcb-session-favourite-icon\"><a href=\"#\" role=\"button\" class=\"fav-session-button\" aria-pressed=\"false\"><span class=\"screen-reader-text\">Favorite session: Hacking Session Continued<\/span><span class=\"dashicons dashicons-star-filled\"><\/span><\/a><\/div><\/td><\/tr><\/tbody><\/table>\n","protected":false},"excerpt":{"rendered":"<p>S\u00e2mb\u0103t\u0103, 1 iunie \u2013 WordCamp Conference Day Prima zi a conferin\u021bei se va desf\u0103\u0219ura \u00een sala P03, pus\u0103 la dispozi\u021bie de Universitatea Tehnic\u0103 din Cluj. \u00centreaga zi va fi marcat\u0103 de prezent\u0103ri sus\u021binute de invita\u021bii speciali. Duminic\u0103, 2 iunie \u2013 &hellip; <a href=\"https:\/\/transylvania.wordcamp.org\/2013\/program\/\">Continue reading <span class=\"screen-reader-text\">Program<\/span>  <span class=\"meta-nav\">&rarr;<\/span><\/a><\/p>\n","protected":false},"author":5985810,"featured_media":0,"parent":0,"menu_order":0,"comment_status":"closed","ping_status":"closed","template":"","meta":{"jetpack_post_was_ever_published":false,"footnotes":""},"class_list":["post-40","page","type-page","status-publish","hentry"],"jetpack_sharing_enabled":true,"jetpack_shortlink":"https:\/\/wp.me\/P2W78o-E","_links":{"self":[{"href":"https:\/\/transylvania.wordcamp.org\/2013\/wp-json\/wp\/v2\/pages\/40","targetHints":{"allow":["GET"]}}],"collection":[{"href":"https:\/\/transylvania.wordcamp.org\/2013\/wp-json\/wp\/v2\/pages"}],"about":[{"href":"https:\/\/transylvania.wordcamp.org\/2013\/wp-json\/wp\/v2\/types\/page"}],"author":[{"embeddable":true,"href":"https:\/\/transylvania.wordcamp.org\/2013\/wp-json\/wp\/v2\/users\/5985810"}],"replies":[{"embeddable":true,"href":"https:\/\/transylvania.wordcamp.org\/2013\/wp-json\/wp\/v2\/comments?post=40"}],"version-history":[{"count":20,"href":"https:\/\/transylvania.wordcamp.org\/2013\/wp-json\/wp\/v2\/pages\/40\/revisions"}],"predecessor-version":[{"id":981,"href":"https:\/\/transylvania.wordcamp.org\/2013\/wp-json\/wp\/v2\/pages\/40\/revisions\/981"}],"wp:attachment":[{"href":"https:\/\/transylvania.wordcamp.org\/2013\/wp-json\/wp\/v2\/media?parent=40"}],"curies":[{"name":"wp","href":"https:\/\/api.w.org\/{rel}","templated":true}]}}