{"id":43,"date":"2013-03-01T16:20:01","date_gmt":"2013-03-01T16:20:01","guid":{"rendered":"https:\/\/2013.transylvania.wordcamp.org\/?page_id=43"},"modified":"2013-06-01T06:20:59","modified_gmt":"2013-06-01T04:20:59","slug":"invitati","status":"publish","type":"page","link":"https:\/\/transylvania.wordcamp.org\/2013\/invitati\/","title":{"rendered":"Invita\u021bi"},"content":{"rendered":"\n\t\t<div class=\"cpt-loop speaker-gravatar-list clearfix\">\n\t\t\t<p>\n\t\t\t\t\t\t\t<a href='#alexandru-lakatos' title='Alexandru Lakatos'><img alt='' src='https:\/\/secure.gravatar.com\/avatar\/55a7563f90ba6a74e719da01d05520eb0f18f3302a7a7b9dd37aa72a39ea441c?s=48&#038;d=retro&#038;r=g' srcset='https:\/\/secure.gravatar.com\/avatar\/55a7563f90ba6a74e719da01d05520eb0f18f3302a7a7b9dd37aa72a39ea441c?s=96&#038;d=retro&#038;r=g 2x' class='avatar avatar-48 photo' height='48' width='48' \/><\/a>\t\t\t\t\t\t\t<a href='#cosmin-bocse' title='Cosmin Bocse'><img alt='' src='https:\/\/secure.gravatar.com\/avatar\/519bc6e5ae47d9ca2e5a7ba15dc5eed41d1e7b8c7e7302b3213ad69e9a783750?s=48&#038;d=retro&#038;r=g' srcset='https:\/\/secure.gravatar.com\/avatar\/519bc6e5ae47d9ca2e5a7ba15dc5eed41d1e7b8c7e7302b3213ad69e9a783750?s=96&#038;d=retro&#038;r=g 2x' class='avatar avatar-48 photo' height='48' width='48' \/><\/a>\t\t\t\t\t\t\t<a href='#cristian-antohe' title='Cristian Antohe'><img alt='' src='https:\/\/secure.gravatar.com\/avatar\/7726c1add06a4cd71f0bf5395b5b85b8676f9bef509cf1c1e7ed5e80c3ac0a4a?s=48&#038;d=retro&#038;r=g' srcset='https:\/\/secure.gravatar.com\/avatar\/7726c1add06a4cd71f0bf5395b5b85b8676f9bef509cf1c1e7ed5e80c3ac0a4a?s=96&#038;d=retro&#038;r=g 2x' class='avatar avatar-48 photo' height='48' width='48' \/><\/a>\t\t\t\t\t\t\t<a href='#dan-stefancu' title='Dan \u0218tefancu'><img alt='' src='https:\/\/secure.gravatar.com\/avatar\/3d50182eea2990f2c410e9cff157544ed2385ccd079b9587da4138cdd204163b?s=48&#038;d=retro&#038;r=g' srcset='https:\/\/secure.gravatar.com\/avatar\/3d50182eea2990f2c410e9cff157544ed2385ccd079b9587da4138cdd204163b?s=96&#038;d=retro&#038;r=g 2x' class='avatar avatar-48 photo' height='48' width='48' \/><\/a>\t\t\t\t\t\t\t<a href='#496' title='Frederick Townes'><img alt='' src='https:\/\/secure.gravatar.com\/avatar\/91889ed93226eb4155854f01b8b8134e1df3baa0fcf2ec671bebaa996f563175?s=48&#038;d=retro&#038;r=g' srcset='https:\/\/secure.gravatar.com\/avatar\/91889ed93226eb4155854f01b8b8134e1df3baa0fcf2ec671bebaa996f563175?s=96&#038;d=retro&#038;r=g 2x' class='avatar avatar-48 photo' height='48' width='48' \/><\/a>\t\t\t\t\t\t\t<a href='#marius-olar' title='Marius Olar'><img alt='' src='https:\/\/secure.gravatar.com\/avatar\/391c6d0033666364ffba97c7039b9b8ee6ec3110c7f96600f4252b0f4667f2fe?s=48&#038;d=retro&#038;r=g' srcset='https:\/\/secure.gravatar.com\/avatar\/391c6d0033666364ffba97c7039b9b8ee6ec3110c7f96600f4252b0f4667f2fe?s=96&#038;d=retro&#038;r=g 2x' class='avatar avatar-48 photo' height='48' width='48' \/><\/a>\t\t\t\t\t\t\t<a href='#octavian-naicu' title='Octavian Naicu'><img alt='' src='https:\/\/secure.gravatar.com\/avatar\/cd10d3c5dc561dc3600521bd26f278d9d66879c8f823c74a1ead767a67a5af29?s=48&#038;d=retro&#038;r=g' srcset='https:\/\/secure.gravatar.com\/avatar\/cd10d3c5dc561dc3600521bd26f278d9d66879c8f823c74a1ead767a67a5af29?s=96&#038;d=retro&#038;r=g 2x' class='avatar avatar-48 photo' height='48' width='48' \/><\/a>\t\t\t\t\t\t\t<a href='#paul-gibbs' title='Paul Gibbs'><img alt='' src='https:\/\/secure.gravatar.com\/avatar\/1393b89707c4c14b7eeb67e5d2528b1bcc2862dfa44d9e233fb81ee7cf1d74a4?s=48&#038;d=retro&#038;r=g' srcset='https:\/\/secure.gravatar.com\/avatar\/1393b89707c4c14b7eeb67e5d2528b1bcc2862dfa44d9e233fb81ee7cf1d74a4?s=96&#038;d=retro&#038;r=g 2x' class='avatar avatar-48 photo' height='48' width='48' \/><\/a>\t\t\t\t\t\t\t<a href='#remkus-de-vries' title='Remkus de Vries'><img alt='' src='https:\/\/secure.gravatar.com\/avatar\/d0749e8ddae1f4b2b1904e2c0c9f892214c84d397876d43fcb5ebea508ad0833?s=48&#038;d=retro&#038;r=g' srcset='https:\/\/secure.gravatar.com\/avatar\/d0749e8ddae1f4b2b1904e2c0c9f892214c84d397876d43fcb5ebea508ad0833?s=96&#038;d=retro&#038;r=g 2x' class='avatar avatar-48 photo' height='48' width='48' \/><\/a>\t\t\t\t\t\t\t<a href='#ryan-hellyer' title='Ryan Hellyer'><img alt='' src='https:\/\/secure.gravatar.com\/avatar\/344653ee76e4fc90cb406062cd8a6fc04977571f5eb09af7ae58736249d65f98?s=48&#038;d=retro&#038;r=g' srcset='https:\/\/secure.gravatar.com\/avatar\/344653ee76e4fc90cb406062cd8a6fc04977571f5eb09af7ae58736249d65f98?s=96&#038;d=retro&#038;r=g 2x' class='avatar avatar-48 photo' height='48' width='48' \/><\/a>\t\t\t\t\t\t\t<a href='#sergiu-paraschiv' title='Sergiu Paraschiv'><img alt='' src='https:\/\/secure.gravatar.com\/avatar\/a4c91c9a18ce9f0c23bcb9e68ce1949c0340cb4ae7c0bfa1ffd5a197a1df3190?s=48&#038;d=retro&#038;r=g' srcset='https:\/\/secure.gravatar.com\/avatar\/a4c91c9a18ce9f0c23bcb9e68ce1949c0340cb4ae7c0bfa1ffd5a197a1df3190?s=96&#038;d=retro&#038;r=g 2x' class='avatar avatar-48 photo' height='48' width='48' \/><\/a>\t\t\t\t\t\t\t<a href='#stefan-macedon-gheorghita' title='\u0218tefan Macedon Gheorghi\u021b\u0103'><img alt='' src='https:\/\/secure.gravatar.com\/avatar\/9685e760fc4e4b6dee4fc3dbb754be41e121db48fc81f5f59669438e475e65f8?s=48&#038;d=retro&#038;r=g' srcset='https:\/\/secure.gravatar.com\/avatar\/9685e760fc4e4b6dee4fc3dbb754be41e121db48fc81f5f59669438e475e65f8?s=96&#038;d=retro&#038;r=g 2x' class='avatar avatar-48 photo' height='48' width='48' \/><\/a>\t\t\t\t\t\t\t<a href='#stefania-ioana-chiorean' title='\u0218tefania Ioana Chiorean'><img alt='' src='https:\/\/secure.gravatar.com\/avatar\/ab78e82036d88802084a187ac0fdcd1a071c1fa2f96298c943a44af712fed936?s=48&#038;d=retro&#038;r=g' srcset='https:\/\/secure.gravatar.com\/avatar\/ab78e82036d88802084a187ac0fdcd1a071c1fa2f96298c943a44af712fed936?s=96&#038;d=retro&#038;r=g 2x' class='avatar avatar-48 photo' height='48' width='48' \/><\/a>\t\t\t\t\t\t<\/p>\n\t\t<\/div>\n\n\t\t\t\t\n\t\t<div class=\"cpt-loop speakers\">\n\t\t\t<div class=\"grid_6 alpha\">\n\n\t\t\t\t\n\t\t\t\t\t\n\t\t\t\t\t<div id=\"alexandru-lakatos\" class=\"speaker clearfix odd post-549 wcb_speaker type-wcb_speaker status-publish hentry\" >\n\t\t\t\t\t\t<h3 class=\"entry-title speaker-name\">Alexandru Lakatos<\/h3>\n\t\t\t\t\t\t<div class=\"entry-content speaker-bio\">\n\t\t\t\t\t\t<img alt='' src='https:\/\/secure.gravatar.com\/avatar\/55a7563f90ba6a74e719da01d05520eb0f18f3302a7a7b9dd37aa72a39ea441c?s=102&#038;d=retro&#038;r=g' srcset='https:\/\/secure.gravatar.com\/avatar\/55a7563f90ba6a74e719da01d05520eb0f18f3302a7a7b9dd37aa72a39ea441c?s=204&#038;d=retro&#038;r=g 2x' class='avatar avatar-102 photo' height='102' width='102' \/><p>\u00cen timpul zilei Alex e dezvoltator pe JavaScript, iar \u00een timpul nop\u021bii e <a href=\"https:\/\/mozillians.org\/en-US\/u\/AlexLakatos\/\">reprezentant Mozilla<\/a>. \u00cen ultimii 3 ani de zile are o rela\u021bie complicat\u0103, plin\u0103 de sentimente contradictorii cu WordPress.<\/p>\n<p>\u00cel g\u0103si\u021bi pe Alex \u0219i <a href=\"https:\/\/twitter.com\/lakatos88\">pe Twitter<\/a>.<\/p>\n\t\t\t\t\t\t<\/div>\n\t\t\t\t\t<\/div>\n\t\t\t\t\n\t\t\t\t\t\n\t\t\t\t\t<div id=\"cosmin-bocse\" class=\"speaker clearfix even post-681 wcb_speaker type-wcb_speaker status-publish hentry\" >\n\t\t\t\t\t\t<h3 class=\"entry-title speaker-name\">Cosmin Bocse<\/h3>\n\t\t\t\t\t\t<div class=\"entry-content speaker-bio\">\n\t\t\t\t\t\t<img alt='' src='https:\/\/secure.gravatar.com\/avatar\/519bc6e5ae47d9ca2e5a7ba15dc5eed41d1e7b8c7e7302b3213ad69e9a783750?s=102&#038;d=retro&#038;r=g' srcset='https:\/\/secure.gravatar.com\/avatar\/519bc6e5ae47d9ca2e5a7ba15dc5eed41d1e7b8c7e7302b3213ad69e9a783750?s=204&#038;d=retro&#038;r=g 2x' class='avatar avatar-102 photo' height='102' width='102' \/><p>Cosmin vine din Oradea pentru a prezenta un proiect multina\u021bional pentru portale de \u0219tiri, creat de firma <a href=\"http:\/\/www.russmedia.com\/\">Russmedia Tech<\/a>, implementat pe WordPress.<\/p>\n<p>\u00cei place s\u0103 lucreze cu WordPress datorita faptului ca se pot dezvolta si personaliza cu u\u0219urin\u021b\u0103 idei \u0219i func\u021bionalit\u0103\u021bi interesante.<\/p>\n\t\t\t\t\t\t<\/div>\n\t\t\t\t\t<\/div>\n\t\t\t\t\n\t\t\t\t\t\n\t\t\t\t\t<div id=\"cristian-antohe\" class=\"speaker clearfix odd post-536 wcb_speaker type-wcb_speaker status-publish hentry\" >\n\t\t\t\t\t\t<h3 class=\"entry-title speaker-name\">Cristian Antohe<\/h3>\n\t\t\t\t\t\t<div class=\"entry-content speaker-bio\">\n\t\t\t\t\t\t<img alt='' src='https:\/\/secure.gravatar.com\/avatar\/7726c1add06a4cd71f0bf5395b5b85b8676f9bef509cf1c1e7ed5e80c3ac0a4a?s=102&#038;d=retro&#038;r=g' srcset='https:\/\/secure.gravatar.com\/avatar\/7726c1add06a4cd71f0bf5395b5b85b8676f9bef509cf1c1e7ed5e80c3ac0a4a?s=204&#038;d=retro&#038;r=g 2x' class='avatar avatar-102 photo' height='102' width='102' \/><p>Cristian Antohe este cunoscut ca fondator <a href=\"http:\/\/wpMail.me\">wpMail.me<\/a>, un newsletter saptamanal de stiri WordPress. Vine de la Timisoara si ii place sa vorbeasca despre WordPress si Star Trek.<\/p>\n<p>Printre altele, este si co-fondator <a href=\"\/\/www.cozmoslabs.com\">Cozmoslabs<\/a>, si a ajutat la dezvoltarea pluginurilor <a href=\"http:\/\/www.cozmoslabs.com\/wordpress-profile-builder\/\">Profile Builder<\/a> si <a href=\"http:\/\/www.cozmoslabs.com\/wordpress-creation-kit-sale-page\/\">WordPress Creation Kit<\/a>.<\/p>\n\t\t\t\t\t\t<\/div>\n\t\t\t\t\t<\/div>\n\t\t\t\t\n\t\t\t\t\t\n\t\t\t\t\t<div id=\"dan-stefancu\" class=\"speaker clearfix even post-509 wcb_speaker type-wcb_speaker status-publish hentry\" >\n\t\t\t\t\t\t<h3 class=\"entry-title speaker-name\">Dan \u0218tefancu<\/h3>\n\t\t\t\t\t\t<div class=\"entry-content speaker-bio\">\n\t\t\t\t\t\t<img alt='' src='https:\/\/secure.gravatar.com\/avatar\/3d50182eea2990f2c410e9cff157544ed2385ccd079b9587da4138cdd204163b?s=102&#038;d=retro&#038;r=g' srcset='https:\/\/secure.gravatar.com\/avatar\/3d50182eea2990f2c410e9cff157544ed2385ccd079b9587da4138cdd204163b?s=204&#038;d=retro&#038;r=g 2x' class='avatar avatar-102 photo' height='102' width='102' \/><p>Dan vine din Timi\u0219oara \u0219i folose\u0219te WordPress din 2005, c\u00e2nd odat\u0103 cu scrisul pe blog a \u00eenceput s\u0103 exerseze \u0219i dezvoltarea de teme, plugin-uri \u0219i alte ghidu\u0219ii.<\/p>\n<p>Lucreaz\u0103 doar din pasiune de c\u00e2nd se \u0219tie. C\u00e2nd nu mig\u0103le\u0219te solu\u021bii WordPress personalizate ca dezvoltator senior \u00een echipa <a href=\"http:\/\/dreamproduction.com\/\">Dream Production<\/a>, coordoneaz\u0103 echipa de traducere a \u201e<a href=\"http:\/\/ro.wordpress.org\/\">WordPress \u00een rom\u00e2n\u0103<\/a>\u201d.<\/p>\n<p>E de g\u0103sit pe Twitter la <a href=\"https:\/\/twitter.com\/danstefancu\">@danstefancu<\/a> &#8211; pe blog nu prea mai scrie.<\/p>\n\t\t\t\t\t\t<\/div>\n\t\t\t\t\t<\/div>\n\t\t\t\t\n\t\t\t\t\t\n\t\t\t\t\t<div id=\"496\" class=\"speaker clearfix odd post-496 wcb_speaker type-wcb_speaker status-publish hentry\" >\n\t\t\t\t\t\t<h3 class=\"entry-title speaker-name\">Frederick Townes<\/h3>\n\t\t\t\t\t\t<div class=\"entry-content speaker-bio\">\n\t\t\t\t\t\t<img alt='' src='https:\/\/secure.gravatar.com\/avatar\/91889ed93226eb4155854f01b8b8134e1df3baa0fcf2ec671bebaa996f563175?s=102&#038;d=retro&#038;r=g' srcset='https:\/\/secure.gravatar.com\/avatar\/91889ed93226eb4155854f01b8b8134e1df3baa0fcf2ec671bebaa996f563175?s=204&#038;d=retro&#038;r=g 2x' class='avatar avatar-102 photo' height='102' width='102' \/><p><a href=\"http:\/\/www.fredericktownes.com\/\">Frederick Townes<\/a> este cunoscut ca CTO fondator al <a href=\"http:\/\/mashable.com\/\">Mashable<\/a>, unul dintre site-urile media independente de top. Acum el ocup\u0103 pozi\u021bia de Consultant Tehnic Senior. Fred e CEO la <a href=\"http:\/\/www.w3-edge.com\/\">W3 EDGE<\/a> \u0219i co-fondator la <a href=\"https:\/\/placester.com\/\">Placester<\/a>.<\/p>\n<p>Una dintre cele mai mari contribu\u021bii ale sale la comunitatea WordPress este <a href=\"http:\/\/wordpress.org\/extend\/plugins\/w3-total-cache\/\">W3 Total Cache, framework-ul de optimizare a performan\u021bei pe web<\/a>.<\/p>\n\t\t\t\t\t\t<\/div>\n\t\t\t\t\t<\/div>\n\t\t\t\t\n\t\t\t\t\t\n\t\t\t\t\t<div id=\"marius-olar\" class=\"speaker clearfix even post-699 wcb_speaker type-wcb_speaker status-publish hentry\" >\n\t\t\t\t\t\t<h3 class=\"entry-title speaker-name\">Marius Olar<\/h3>\n\t\t\t\t\t\t<div class=\"entry-content speaker-bio\">\n\t\t\t\t\t\t<img alt='' src='https:\/\/secure.gravatar.com\/avatar\/391c6d0033666364ffba97c7039b9b8ee6ec3110c7f96600f4252b0f4667f2fe?s=102&#038;d=retro&#038;r=g' srcset='https:\/\/secure.gravatar.com\/avatar\/391c6d0033666364ffba97c7039b9b8ee6ec3110c7f96600f4252b0f4667f2fe?s=204&#038;d=retro&#038;r=g 2x' class='avatar avatar-102 photo' height='102' width='102' \/><p>WordPress chemist at <a href=\"https:\/\/2013.transylvania.wordcamp.org\/sponsor\/presslabs\/\">PressLabs<\/a><\/p>\n\t\t\t\t\t\t<\/div>\n\t\t\t\t\t<\/div>\n\t\t\t\t\n\t\t\t\t\t\n\t\t\t\t\t<div id=\"octavian-naicu\" class=\"speaker clearfix odd post-697 wcb_speaker type-wcb_speaker status-publish hentry\" >\n\t\t\t\t\t\t<h3 class=\"entry-title speaker-name\">Octavian Naicu<\/h3>\n\t\t\t\t\t\t<div class=\"entry-content speaker-bio\">\n\t\t\t\t\t\t<img alt='' src='https:\/\/secure.gravatar.com\/avatar\/cd10d3c5dc561dc3600521bd26f278d9d66879c8f823c74a1ead767a67a5af29?s=102&#038;d=retro&#038;r=g' srcset='https:\/\/secure.gravatar.com\/avatar\/cd10d3c5dc561dc3600521bd26f278d9d66879c8f823c74a1ead767a67a5af29?s=204&#038;d=retro&#038;r=g 2x' class='avatar avatar-102 photo' height='102' width='102' \/><p><a href=\"https:\/\/twitter.com\/naicuoctavian\">Octavian Naicu<\/a> conduce de 4 ani o firm\u0103 de software development din Bucure\u0219ti ce dezvolt\u0103 produse pentru comunit\u0103\u021bi WordPress, Drupal \u0219i Joomla!. \u00cenainte de asta a lucrat pentru startup-uri din SUA precum click.tv \u0219i la solu\u021bia de social networking a Cisco numit\u0103 Cisco EOS.<\/p>\n<p>Ne va vorbi despre partea de business din dezvoltarea unui plugin pentru WordPress.<\/p>\n\t\t\t\t\t\t<\/div>\n\t\t\t\t\t<\/div>\n\t\t\t\t\n\t\t\t\t\t<\/div><div class=\"grid_6 omega\">\n\t\t\t\t\t<div id=\"paul-gibbs\" class=\"speaker clearfix even post-359 wcb_speaker type-wcb_speaker status-publish hentry\" >\n\t\t\t\t\t\t<h3 class=\"entry-title speaker-name\">Paul Gibbs<\/h3>\n\t\t\t\t\t\t<div class=\"entry-content speaker-bio\">\n\t\t\t\t\t\t<img alt='' src='https:\/\/secure.gravatar.com\/avatar\/1393b89707c4c14b7eeb67e5d2528b1bcc2862dfa44d9e233fb81ee7cf1d74a4?s=102&#038;d=retro&#038;r=g' srcset='https:\/\/secure.gravatar.com\/avatar\/1393b89707c4c14b7eeb67e5d2528b1bcc2862dfa44d9e233fb81ee7cf1d74a4?s=204&#038;d=retro&#038;r=g 2x' class='avatar avatar-102 photo' height='102' width='102' \/><p><a href=\"http:\/\/byotos.com\/\">Paul<\/a> vine din Marea Britanie, el st\u0103 \u00een zona dintre Crawley \u0219i Brighton.<\/p>\n<p>\u00cen mare majoritatea timpului s\u0103u, lui Paul <a href=\"http:\/\/profiles.wordpress.org\/djpaul\/\">\u00eei place s\u0103 ajute<\/a> persoanele care au \u00eentreb\u0103ri legate de <a href=\"http:\/\/buddypress.org\/\">BuddyPress<\/a> sau WordPress.<\/p>\n\t\t\t\t\t\t<\/div>\n\t\t\t\t\t<\/div>\n\t\t\t\t\n\t\t\t\t\t\n\t\t\t\t\t<div id=\"remkus-de-vries\" class=\"speaker clearfix odd post-521 wcb_speaker type-wcb_speaker status-publish hentry\" >\n\t\t\t\t\t\t<h3 class=\"entry-title speaker-name\">Remkus de Vries<\/h3>\n\t\t\t\t\t\t<div class=\"entry-content speaker-bio\">\n\t\t\t\t\t\t<img alt='' src='https:\/\/secure.gravatar.com\/avatar\/d0749e8ddae1f4b2b1904e2c0c9f892214c84d397876d43fcb5ebea508ad0833?s=102&#038;d=retro&#038;r=g' srcset='https:\/\/secure.gravatar.com\/avatar\/d0749e8ddae1f4b2b1904e2c0c9f892214c84d397876d43fcb5ebea508ad0833?s=204&#038;d=retro&#038;r=g 2x' class='avatar avatar-102 photo' height='102' width='102' \/><p>Remkus s-ar descrie drept un entuziast WordPress, dezvoltator, creator de \u0219abloane \u0219i aficionado din provincia Frysl\u00e2n din Olanda. Remkus va povesti despre WordPress \u0219i Comunit\u0103\u021bile. Remkus scrie despre WordPress la <a href=\"http:\/\/remkusdevries.com\/\">remkusdevries.com<\/a> \u0219i poate fi urm\u0103rit pe Twitter la <a href=\"https:\/\/twitter.com\/DeFries\">@DeFries<\/a>.<\/p>\n\t\t\t\t\t\t<\/div>\n\t\t\t\t\t<\/div>\n\t\t\t\t\n\t\t\t\t\t\n\t\t\t\t\t<div id=\"ryan-hellyer\" class=\"speaker clearfix even post-379 wcb_speaker type-wcb_speaker status-publish hentry\" >\n\t\t\t\t\t\t<h3 class=\"entry-title speaker-name\">Ryan Hellyer<\/h3>\n\t\t\t\t\t\t<div class=\"entry-content speaker-bio\">\n\t\t\t\t\t\t<img alt='' src='https:\/\/secure.gravatar.com\/avatar\/344653ee76e4fc90cb406062cd8a6fc04977571f5eb09af7ae58736249d65f98?s=102&#038;d=retro&#038;r=g' srcset='https:\/\/secure.gravatar.com\/avatar\/344653ee76e4fc90cb406062cd8a6fc04977571f5eb09af7ae58736249d65f98?s=204&#038;d=retro&#038;r=g 2x' class='avatar avatar-102 photo' height='102' width='102' \/><p><a href=\"http:\/\/geek.ryanhellyer.net\/\">Ryan<\/a> e originar din Noua Zeeland\u0103, dar s-a mutat recent in Norvegia, unde lucreaz\u0103 la firma Metronet.<\/p>\n<p>Este <a href=\"http:\/\/profiles.wordpress.org\/ryanhellyer\/\">implicat<\/a> \u00een WordPress de mult\u0103 vreme \u0219i a lansat o mul\u021bime de <a href=\"http:\/\/geek.ryanhellyer.net\/products\/\">plugin-uri<\/a>.<\/p>\n\t\t\t\t\t\t<\/div>\n\t\t\t\t\t<\/div>\n\t\t\t\t\n\t\t\t\t\t\n\t\t\t\t\t<div id=\"sergiu-paraschiv\" class=\"speaker clearfix odd post-441 wcb_speaker type-wcb_speaker status-publish hentry\" >\n\t\t\t\t\t\t<h3 class=\"entry-title speaker-name\">Sergiu Paraschiv<\/h3>\n\t\t\t\t\t\t<div class=\"entry-content speaker-bio\">\n\t\t\t\t\t\t<img alt='' src='https:\/\/secure.gravatar.com\/avatar\/a4c91c9a18ce9f0c23bcb9e68ce1949c0340cb4ae7c0bfa1ffd5a197a1df3190?s=102&#038;d=retro&#038;r=g' srcset='https:\/\/secure.gravatar.com\/avatar\/a4c91c9a18ce9f0c23bcb9e68ce1949c0340cb4ae7c0bfa1ffd5a197a1df3190?s=204&#038;d=retro&#038;r=g 2x' class='avatar avatar-102 photo' height='102' width='102' \/><p>Sergiu e un programator tot timpul ocupat. \u00cen ultimii cinci ani a lucrat \u00eentr-o m\u00e2n\u0103 de companii, \u00een fiecare g\u0103sind loc pentru WordPress. Nu-i plac proiectele din care nu are nimic nou de \u00eenv\u0103\u021bat.<\/p>\n<p>E cunoscut de prieteni drept un fanatic al discu\u021biilor \u00een contradictoriu, motiv pentru care evit\u0103 s\u0103-\u0219i fac\u0103 reclam\u0103 \u0219i prefer\u0103 anonimatul.<\/p>\n\t\t\t\t\t\t<\/div>\n\t\t\t\t\t<\/div>\n\t\t\t\t\n\t\t\t\t\t\n\t\t\t\t\t<div id=\"stefan-macedon-gheorghita\" class=\"speaker clearfix even post-392 wcb_speaker type-wcb_speaker status-publish hentry\" >\n\t\t\t\t\t\t<h3 class=\"entry-title speaker-name\">\u0218tefan Macedon Gheorghi\u021b\u0103<\/h3>\n\t\t\t\t\t\t<div class=\"entry-content speaker-bio\">\n\t\t\t\t\t\t<img alt='' src='https:\/\/secure.gravatar.com\/avatar\/9685e760fc4e4b6dee4fc3dbb754be41e121db48fc81f5f59669438e475e65f8?s=102&#038;d=retro&#038;r=g' srcset='https:\/\/secure.gravatar.com\/avatar\/9685e760fc4e4b6dee4fc3dbb754be41e121db48fc81f5f59669438e475e65f8?s=204&#038;d=retro&#038;r=g 2x' class='avatar avatar-102 photo' height='102' width='102' \/><p>\u0218tefan vine din Suceava pentru a ne povesti despre <a href=\"http:\/\/veveveuri.ro\/\">VEVEVEuri<\/a>.<\/p>\n<p>Prietenii \u00eei mai spun <a href=\"http:\/\/artistul.ro\/salut\/\">ArTiStul<\/a>, e co-fondator VEVEVEuri \u0219i redactor-\u0219ef la mai multe resurse informa\u021bionale din online. Din 2013 este vicepre\u0219edintele \u0219i unul dintre fondatorii <a href=\"https:\/\/www.facebook.com\/zimbrii.sucevei\">Asocia\u021biei Zimbrii Sucevei<\/a>.<\/p>\n<p>C\u00e2nd ArTiStul nu munce\u0219te, \u00eei place ciclismul, lectur\u0103, filmul, fotografia \u0219i muzic\u0103. La eveniment, o s\u0103 fie u\u0219or de g\u0103sit: el e mereu sub p\u0103l\u0103ria sa.<\/p>\n\t\t\t\t\t\t<\/div>\n\t\t\t\t\t<\/div>\n\t\t\t\t\n\t\t\t\t\t\n\t\t\t\t\t<div id=\"stefania-ioana-chiorean\" class=\"speaker clearfix odd post-995 wcb_speaker type-wcb_speaker status-publish hentry\" >\n\t\t\t\t\t\t<h3 class=\"entry-title speaker-name\">\u0218tefania Ioana Chiorean<\/h3>\n\t\t\t\t\t\t<div class=\"entry-content speaker-bio\">\n\t\t\t\t\t\t<img alt='' src='https:\/\/secure.gravatar.com\/avatar\/ab78e82036d88802084a187ac0fdcd1a071c1fa2f96298c943a44af712fed936?s=102&#038;d=retro&#038;r=g' srcset='https:\/\/secure.gravatar.com\/avatar\/ab78e82036d88802084a187ac0fdcd1a071c1fa2f96298c943a44af712fed936?s=204&#038;d=retro&#038;r=g 2x' class='avatar avatar-102 photo' height='102' width='102' \/><p>Ioana de ceva vreme este un mozillian entuziast din Rom\u00e2nia care a \u00eenceput drept validator de \u201ePersona\u201d. Dup\u0103 o vreme, pasiunea pentru aceast\u0103 comunitate a crescut, astfel \u00eenc\u00e2t acum Ioana este reprezentant local Mozilla.<\/p>\n<p>Ioana mai este \u0219i membru Mozilla Rom\u00e2nia \u0219i voluntar \u00een proiectele cum ar fi Webmaker, Firefox, SUMO \u0219i Firefox OS. C\u00e2nd nu face voluntariat, ea lucreaz\u0103 drept lider \u00een echipa de QA pe tehnologii mobile.<\/p>\n<p>Pe l\u00e2ng\u0103 toate acestea, Ioana militeaz\u0103 pentru cre\u0219terea participan\u021bilor de sex feminin \u00een domeniul IT prin WoMoz \u0219i \u00eencurajeaz\u0103 cre\u0219terea comunit\u0103\u021bilor pentru binele tehnologiei \u0219i vie\u021bii personale.<\/p>\n<p>Ioana \u00eei va face companie lui Alex \u00een prezentarea <a href=\"\/session\/comunitatea-mozilla-romania-si-wordpress\/\" title=\"Comunitatea Mozilla Rom\u00e2nia \u0219i WordPress\">Comunitatea Mozilla Rom\u00e2nia \u0219i WordPress<\/a>.<\/p>\n\t\t\t\t\t\t<\/div>\n\t\t\t\t\t<\/div>\n\t\t\t\t\n\t\t\t<\/div>\n\t\t<\/div>\n\n\t\t\n","protected":false},"excerpt":{"rendered":"","protected":false},"author":5985810,"featured_media":0,"parent":0,"menu_order":0,"comment_status":"closed","ping_status":"closed","template":"","meta":{"_crdt_document":"","jetpack_post_was_ever_published":false,"footnotes":""},"class_list":["post-43","page","type-page","status-publish","hentry"],"jetpack_sharing_enabled":true,"jetpack_shortlink":"https:\/\/wp.me\/P2W78o-H","_links":{"self":[{"href":"https:\/\/transylvania.wordcamp.org\/2013\/wp-json\/wp\/v2\/pages\/43","targetHints":{"allow":["GET"]}}],"collection":[{"href":"https:\/\/transylvania.wordcamp.org\/2013\/wp-json\/wp\/v2\/pages"}],"about":[{"href":"https:\/\/transylvania.wordcamp.org\/2013\/wp-json\/wp\/v2\/types\/page"}],"author":[{"embeddable":true,"href":"https:\/\/transylvania.wordcamp.org\/2013\/wp-json\/wp\/v2\/users\/5985810"}],"replies":[{"embeddable":true,"href":"https:\/\/transylvania.wordcamp.org\/2013\/wp-json\/wp\/v2\/comments?post=43"}],"version-history":[{"count":22,"href":"https:\/\/transylvania.wordcamp.org\/2013\/wp-json\/wp\/v2\/pages\/43\/revisions"}],"predecessor-version":[{"id":1132,"href":"https:\/\/transylvania.wordcamp.org\/2013\/wp-json\/wp\/v2\/pages\/43\/revisions\/1132"}],"wp:attachment":[{"href":"https:\/\/transylvania.wordcamp.org\/2013\/wp-json\/wp\/v2\/media?parent=43"}],"curies":[{"name":"wp","href":"https:\/\/api.w.org\/{rel}","templated":true}]}}